{"id":4,"date":"2023-01-10T19:26:44","date_gmt":"2023-01-10T19:26:44","guid":{"rendered":"https:\/\/intet.de\/?page_id=4"},"modified":"2023-01-10T20:51:27","modified_gmt":"2023-01-10T20:51:27","slug":"willkommen-auf-https-intet-de","status":"publish","type":"page","link":"https:\/\/intet.de\/","title":{"rendered":"Unbenannt"},"content":{"rendered":"\n<figure class=\"wp-block-image size-full is-resized\"><img decoding=\"async\" loading=\"lazy\" src=\"https:\/\/intet.de\/wp-content\/uploads\/2023\/01\/cropped-cropped-PNG-01-1.png\" alt=\"\" class=\"wp-image-15\" width=\"587\" height=\"315\" srcset=\"https:\/\/intet.de\/wp-content\/uploads\/2023\/01\/cropped-cropped-PNG-01-1.png 512w, https:\/\/intet.de\/wp-content\/uploads\/2023\/01\/cropped-cropped-PNG-01-1-300x161.png 300w\" sizes=\"(max-width: 587px) 100vw, 587px\" \/><\/figure>\n\n\n\n<h2><strong>Besser w\u00e4re wenn\u00a0NICHTS\u00a0entst\u00fcnde.<\/strong><\/h2>\n\n\n\n<p>2020 durch Tom-Felix Wiersch als inhabergef\u00fchrte Agentur gegr\u00fcndet, haben wir uns zum Ziel gesetzt unsere Erfahrung und Passion daf\u00fcr zu nutzen, Kunden den perfekten Werbeauftritt zu verschaffen.<br>In diesem Prozess begleiten wir Sie gerne vom Anfang bis zum Ende. Von der Beratung und Konzeption \u00fcber das Layout und die Gestaltung bis hin zur Produktion.<\/p>\n\n\n\n<p><\/p>\n\n\n\n<p><\/p>\n","protected":false},"excerpt":{"rendered":"<p>Besser w\u00e4re wenn\u00a0NICHTS\u00a0entst\u00fcnde. 2020 durch Tom-Felix Wiersch als inhabergef\u00fchrte Agentur gegr\u00fcndet, haben wir uns zum Ziel gesetzt unsere Erfahrung und Passion daf\u00fcr zu nutzen, Kunden den perfekten Werbeauftritt zu verschaffen.In diesem Prozess begleiten wir Sie gerne vom Anfang bis zum Ende. Von der Beratung und Konzeption \u00fcber das Layout und die Gestaltung bis hin zur&hellip; <a class=\"more-link\" href=\"https:\/\/intet.de\/\"><span class=\"screen-reader-text\">Unbenannt<\/span> weiterlesen<\/a><\/p>\n","protected":false},"author":1,"featured_media":0,"parent":0,"menu_order":0,"comment_status":"closed","ping_status":"open","template":"","meta":[],"_links":{"self":[{"href":"https:\/\/intet.de\/index.php?rest_route=\/wp\/v2\/pages\/4"}],"collection":[{"href":"https:\/\/intet.de\/index.php?rest_route=\/wp\/v2\/pages"}],"about":[{"href":"https:\/\/intet.de\/index.php?rest_route=\/wp\/v2\/types\/page"}],"author":[{"embeddable":true,"href":"https:\/\/intet.de\/index.php?rest_route=\/wp\/v2\/users\/1"}],"replies":[{"embeddable":true,"href":"https:\/\/intet.de\/index.php?rest_route=%2Fwp%2Fv2%2Fcomments&post=4"}],"version-history":[{"count":3,"href":"https:\/\/intet.de\/index.php?rest_route=\/wp\/v2\/pages\/4\/revisions"}],"predecessor-version":[{"id":19,"href":"https:\/\/intet.de\/index.php?rest_route=\/wp\/v2\/pages\/4\/revisions\/19"}],"wp:attachment":[{"href":"https:\/\/intet.de\/index.php?rest_route=%2Fwp%2Fv2%2Fmedia&parent=4"}],"curies":[{"name":"wp","href":"https:\/\/api.w.org\/{rel}","templated":true}]}}